{"id":24768,"date":"2022-06-02T14:33:15","date_gmt":"2022-06-02T14:33:15","guid":{"rendered":"https:\/\/robinnitrammusic.com\/music\/"},"modified":"2023-05-06T08:00:39","modified_gmt":"2023-05-06T08:00:39","slug":"music","status":"publish","type":"page","link":"https:\/\/robinnitrammusic.com\/en\/music\/","title":{"rendered":"Music"},"content":{"rendered":"<p>[et_pb_section fb_built=&#8221;1&#8243; fullwidth=&#8221;on&#8221; _builder_version=&#8221;4.17.4&#8243; _module_preset=&#8221;default&#8221; global_colors_info=&#8221;{}&#8221;][et_pb_fullwidth_header title=&#8221;Albums&#8221; header_fullscreen=&#8221;on&#8221; _builder_version=&#8221;4.17.4&#8243; _module_preset=&#8221;default&#8221; title_font=&#8221;Kin_RobinNitram|800|||||||&#8221; title_text_color=&#8221;#FFFFFF&#8221; title_font_size=&#8221;60px&#8221; background_color=&#8221;rgba(0,0,0,0.28)&#8221; background_image=&#8221;https:\/\/robinnitrammusic.com\/wp-content\/uploads\/2022\/06\/MottoTrio_ATG_3185.jpg&#8221; background_blend=&#8221;overlay&#8221; background_enable_mask_style=&#8221;on&#8221; background_mask_style=&#8221;corner-square&#8221; background_mask_color=&#8221;rgba(191,155,183,0.79)&#8221; background_mask_transform=&#8221;invert|rotate_90_degree|flip_vertical&#8221; background_mask_aspect_ratio=&#8221;portrait&#8221; custom_padding=&#8221;155px|||||&#8221; global_colors_info=&#8221;{}&#8221;][\/et_pb_fullwidth_header][\/et_pb_section][et_pb_section fb_built=&#8221;1&#8243; disabled_on=&#8221;on|on|on&#8221; _builder_version=&#8221;4.16&#8243; _module_preset=&#8221;default&#8221; background_color=&#8221;#262626&#8243; disabled=&#8221;on&#8221; global_colors_info=&#8221;{}&#8221;][et_pb_row _builder_version=&#8221;4.16&#8243; _module_preset=&#8221;default&#8221; global_colors_info=&#8221;{}&#8221;][et_pb_column type=&#8221;4_4&#8243; _builder_version=&#8221;4.16&#8243; _module_preset=&#8221;default&#8221; global_colors_info=&#8221;{}&#8221;][et_pb_text _builder_version=&#8221;4.17.4&#8243; _module_preset=&#8221;default&#8221; text_text_color=&#8221;#FFFFFF&#8221; header_text_color=&#8221;#FFFFFF&#8221; header_3_text_color=&#8221;#FFFFFF&#8221; header_5_font=&#8221;|300|||||||&#8221; header_5_text_color=&#8221;#FFFFFF&#8221; header_5_line_height=&#8221;1.5em&#8221; text_orientation=&#8221;center&#8221; global_colors_info=&#8221;{}&#8221;]<\/p>\n<p><span style=\"color: #bf9bb7;\"><strong>Robin Nitram<\/strong><\/span> is a Paris-based music maker who paints soundscapes with jazz and avant-gardes flavors.<\/p>\n<p>[\/et_pb_text][\/et_pb_column][\/et_pb_row][\/et_pb_section][et_pb_section fb_built=&#8221;1&#8243; _builder_version=&#8221;4.17.4&#8243; _module_preset=&#8221;default&#8221; background_color=&#8221;#262626&#8243; custom_padding=&#8221;50px|||||&#8221; global_colors_info=&#8221;{}&#8221;][et_pb_row column_structure=&#8221;2_5,3_5&#8243; _builder_version=&#8221;4.17.4&#8243; _module_preset=&#8221;default&#8221; global_colors_info=&#8221;{}&#8221;][et_pb_column type=&#8221;2_5&#8243; _builder_version=&#8221;4.17.4&#8243; _module_preset=&#8221;default&#8221; global_colors_info=&#8221;{}&#8221;][et_pb_image src=&#8221;https:\/\/robinnitrammusic.com\/wp-content\/uploads\/2023\/05\/Sugarfree_robinnitram.jpg&#8221; title_text=&#8221;Sugarfree_robinnitram&#8221; _builder_version=&#8221;4.17.4&#8243; _module_preset=&#8221;default&#8221; custom_padding=&#8221;55px|||||&#8221; global_colors_info=&#8221;{}&#8221;][\/et_pb_image][et_pb_text _builder_version=&#8221;4.17.4&#8243; _module_preset=&#8221;default&#8221; global_colors_info=&#8221;{}&#8221;][\/et_pb_text][\/et_pb_column][et_pb_column type=&#8221;3_5&#8243; _builder_version=&#8221;4.17.4&#8243; _module_preset=&#8221;default&#8221; global_colors_info=&#8221;{}&#8221;][et_pb_text _builder_version=&#8221;4.17.4&#8243; _module_preset=&#8221;default&#8221; text_text_color=&#8221;#FFFFFF&#8221; header_text_color=&#8221;#FFFFFF&#8221; hover_enabled=&#8221;0&#8243; global_colors_info=&#8221;{}&#8221; sticky_enabled=&#8221;0&#8243;]<\/p>\n<h1>SUGAR FREE<\/h1>\n<p>Surrender to protect ourselves from the brutality of this world. Guitarist Robin Nitram creates a sonic environnement made of sounds and melodies showing the way toward the unknown. On Sugar Free, the quest is to lose yourself. Songs like Nothing, Un Petit M\u00e9t\u00e9ore and Welcome are similar to some old paths bringing the listener back and forth between clarity and darkness. It is the first time in studio that Nitram used sampled voices allowing him to share another kind of vibration without breaking the link that has been already established. It is also the first time you can hear the guitarist on an acoustic guitar in a solo setting. The song Tudee is a contemporary etude using all the sonic potential of the acoustic guitar bringing new colors to the final painting. Finally, the first tune Love Is Safe has been written like a mantra. Le discours musical reste inchang\u00e9 mais les textures contrastent avec les autres titres de l&#8217;album. Sugar Free pourrait bien \u00eatre la bande son d&#8217;une qu\u00eate, celle du moment pr\u00e9sent et de la fuite.[\/et_pb_text][et_pb_video src=&#8221;https:\/\/www.youtube.com\/watch?v=UZ0RxTStzGo&#8221; image_src=&#8221;\/\/i.ytimg.com\/vi\/UZ0RxTStzGo\/hqdefault.jpg&#8221; _builder_version=&#8221;4.17.4&#8243; _module_preset=&#8221;default&#8221; global_colors_info=&#8221;{}&#8221;][\/et_pb_video][et_pb_button button_url=&#8221;https:\/\/robinnitrammusic.com\/en\/shop\/&#8221; button_text=&#8221;BUY&#8221; button_alignment=&#8221;left&#8221; _builder_version=&#8221;4.17.4&#8243; _module_preset=&#8221;default&#8221; custom_button=&#8221;on&#8221; button_text_color=&#8221;#FFFFFF&#8221; button_border_width=&#8221;5px&#8221; button_text_color_last_edited=&#8221;off|desktop&#8221; global_colors_info=&#8221;{}&#8221; button_text_color__hover_enabled=&#8221;on|desktop&#8221; button_text_color__hover=&#8221;#262626&#8243; button_bg_color__hover_enabled=&#8221;on|hover&#8221; button_bg_color__hover=&#8221;#FFFFFF&#8221; button_bg_enable_color__hover=&#8221;on&#8221; button_border_color__hover_enabled=&#8221;on|hover&#8221;][\/et_pb_button][\/et_pb_column][\/et_pb_row][\/et_pb_section][et_pb_section fb_built=&#8221;1&#8243; _builder_version=&#8221;4.17.4&#8243; _module_preset=&#8221;default&#8221; background_color=&#8221;#bf9bb7&#8243; background_enable_mask_style=&#8221;on&#8221; background_mask_style=&#8221;corner-square&#8221; background_mask_color=&#8221;#FFFFFF&#8221; background_mask_transform=&#8221;flip_vertical&#8221; background_mask_aspect_ratio=&#8221;square&#8221; background_mask_size=&#8221;cover&#8221; custom_padding=&#8221;50px|||||&#8221; global_colors_info=&#8221;{}&#8221;][et_pb_row column_structure=&#8221;2_5,3_5&#8243; _builder_version=&#8221;4.17.4&#8243; _module_preset=&#8221;default&#8221; global_colors_info=&#8221;{}&#8221;][et_pb_column type=&#8221;2_5&#8243; _builder_version=&#8221;4.17.4&#8243; _module_preset=&#8221;default&#8221; global_colors_info=&#8221;{}&#8221;][et_pb_image src=&#8221;https:\/\/robinnitrammusic.com\/wp-content\/uploads\/2022\/06\/vroum_vroum_robinnitram.jpg&#8221; title_text=&#8221;vroum_vroum_robinnitram&#8221; _builder_version=&#8221;4.17.4&#8243; _module_preset=&#8221;default&#8221; custom_padding=&#8221;55px|||||&#8221; global_colors_info=&#8221;{}&#8221;][\/et_pb_image][et_pb_text _builder_version=&#8221;4.17.4&#8243; _module_preset=&#8221;default&#8221; global_colors_info=&#8221;{}&#8221;][\/et_pb_text][\/et_pb_column][et_pb_column type=&#8221;3_5&#8243; _builder_version=&#8221;4.17.4&#8243; _module_preset=&#8221;default&#8221; global_colors_info=&#8221;{}&#8221;][et_pb_text _builder_version=&#8221;4.17.4&#8243; _module_preset=&#8221;default&#8221; global_colors_info=&#8221;{}&#8221;]<\/p>\n<h1>Vroum Vroum<\/h1>\n<p style=\"text-align: left;\"><em>Motto Trio<\/em> is Robin Nitram&#8217;s latest album. In recent years, Robin has traveled between Hanoi, Chicago, London, New York, Madrid, Brussels, Lisbon, Porto, Siena&#8230; and his travels have resulted in compositions that he performs with Nicolas Zentz on double bass and Ewen Grall on battery.<\/p>\n<p style=\"text-align: left;\">The trio&#8217;s music oscillates between sometimes hazy or incisive melodies, sprinkled with improvisation without which all this would only be a simple &#8220;health course&#8221;. <em>Vroum Vroum<\/em> is an invitation to travel and the sound story of young musicians from a generation that fights, claims and tells in music.<\/p>\n<p style=\"text-align: left;\">Recorded at the T\u00e9l\u00e9maque studio in October 2020.<\/p>\n<p>[\/et_pb_text][et_pb_video src=&#8221;https:\/\/www.youtube.com\/watch?v=goxjN1b50C4&#8243; image_src=&#8221;\/\/i.ytimg.com\/vi\/goxjN1b50C4\/hqdefault.jpg&#8221; _builder_version=&#8221;4.17.4&#8243; _module_preset=&#8221;default&#8221; global_colors_info=&#8221;{}&#8221;][\/et_pb_video][\/et_pb_column][\/et_pb_row][et_pb_row _builder_version=&#8221;4.17.4&#8243; _module_preset=&#8221;default&#8221; global_colors_info=&#8221;{}&#8221;][et_pb_column type=&#8221;4_4&#8243; _builder_version=&#8221;4.17.4&#8243; _module_preset=&#8221;default&#8221; global_colors_info=&#8221;{}&#8221;][et_pb_button button_url=&#8221;https:\/\/robinnitrammusic.com\/en\/shop\/&#8221; button_text=&#8221;BUY&#8221; button_alignment=&#8221;center&#8221; _builder_version=&#8221;4.17.4&#8243; _module_preset=&#8221;default&#8221; custom_button=&#8221;on&#8221; button_text_color=&#8221;#242424&#8243; button_border_width=&#8221;5px&#8221; button_text_color_last_edited=&#8221;off|desktop&#8221; global_colors_info=&#8221;{}&#8221; button_text_color__hover_enabled=&#8221;on|hover&#8221; button_text_color__hover=&#8221;#FFFFFF&#8221; button_bg_color__hover_enabled=&#8221;on|desktop&#8221; button_bg_color__hover=&#8221;#242424&#8243; button_bg_enable_color__hover=&#8221;on&#8221; button_border_color__hover_enabled=&#8221;on|hover&#8221;][\/et_pb_button][\/et_pb_column][\/et_pb_row][\/et_pb_section][et_pb_section fb_built=&#8221;1&#8243; _builder_version=&#8221;4.17.4&#8243; _module_preset=&#8221;default&#8221; background_color=&#8221;#262626&#8243; custom_padding=&#8221;50px|||||&#8221; global_colors_info=&#8221;{}&#8221;][et_pb_row column_structure=&#8221;2_5,3_5&#8243; _builder_version=&#8221;4.17.4&#8243; _module_preset=&#8221;default&#8221; global_colors_info=&#8221;{}&#8221;][et_pb_column type=&#8221;2_5&#8243; _builder_version=&#8221;4.17.4&#8243; _module_preset=&#8221;default&#8221; global_colors_info=&#8221;{}&#8221;][et_pb_image src=&#8221;https:\/\/robinnitrammusic.com\/wp-content\/uploads\/2022\/06\/voyages_immobiles1.jpg&#8221; title_text=&#8221;voyages_immobiles1&#8243; _builder_version=&#8221;4.17.4&#8243; _module_preset=&#8221;default&#8221; custom_padding=&#8221;55px|||||&#8221; global_colors_info=&#8221;{}&#8221;][\/et_pb_image][et_pb_text _builder_version=&#8221;4.17.4&#8243; _module_preset=&#8221;default&#8221; global_colors_info=&#8221;{}&#8221;][\/et_pb_text][\/et_pb_column][et_pb_column type=&#8221;3_5&#8243; _builder_version=&#8221;4.17.4&#8243; _module_preset=&#8221;default&#8221; global_colors_info=&#8221;{}&#8221;][et_pb_text _builder_version=&#8221;4.17.4&#8243; _module_preset=&#8221;default&#8221; text_text_color=&#8221;#FFFFFF&#8221; header_text_color=&#8221;#FFFFFF&#8221; global_colors_info=&#8221;{}&#8221;]<\/p>\n<h1>VOYAGES IMMOBILES<\/h1>\n<p>The album <em>Voyages Immobiles<\/em> is a compilation of four improvisations based on four photos taken by four photographers around the world. Despite the confinement in France, the idea was to be able to escape musically and mentally with the soundscapes played by Robin Nitram using his guitars and effects pedals.<\/p>\n<p>Recorded between May and November 2020.<\/p>\n<p>[\/et_pb_text][et_pb_button button_url=&#8221;https:\/\/robinnitrammusic.com\/en\/shop\/&#8221; button_text=&#8221;BUY&#8221; button_alignment=&#8221;left&#8221; _builder_version=&#8221;4.17.4&#8243; _module_preset=&#8221;default&#8221; custom_button=&#8221;on&#8221; button_text_color=&#8221;#FFFFFF&#8221; button_border_width=&#8221;5px&#8221; button_text_color_last_edited=&#8221;off|desktop&#8221; global_colors_info=&#8221;{}&#8221; button_text_color__hover_enabled=&#8221;on|desktop&#8221; button_text_color__hover=&#8221;#262626&#8243; button_bg_color__hover_enabled=&#8221;on|hover&#8221; button_bg_color__hover=&#8221;#FFFFFF&#8221; button_bg_enable_color__hover=&#8221;on&#8221; button_border_color__hover_enabled=&#8221;on|hover&#8221;][\/et_pb_button][\/et_pb_column][\/et_pb_row][\/et_pb_section][et_pb_section fb_built=&#8221;1&#8243; _builder_version=&#8221;4.17.4&#8243; _module_preset=&#8221;default&#8221; background_color=&#8221;#bf9bb7&#8243; background_enable_mask_style=&#8221;on&#8221; background_mask_style=&#8221;corner-square&#8221; background_mask_color=&#8221;#FFFFFF&#8221; background_mask_aspect_ratio=&#8221;square&#8221; background_mask_size=&#8221;cover&#8221; custom_padding=&#8221;50px|||||&#8221; global_colors_info=&#8221;{}&#8221;][et_pb_row column_structure=&#8221;2_5,3_5&#8243; _builder_version=&#8221;4.17.4&#8243; _module_preset=&#8221;default&#8221; global_colors_info=&#8221;{}&#8221;][et_pb_column type=&#8221;2_5&#8243; _builder_version=&#8221;4.17.4&#8243; _module_preset=&#8221;default&#8221; global_colors_info=&#8221;{}&#8221;][et_pb_image src=&#8221;https:\/\/robinnitrammusic.com\/wp-content\/uploads\/2022\/06\/re\u0302veries_sonores1.jpg&#8221; title_text=&#8221;re\u0302veries_sonores1&#8243; _builder_version=&#8221;4.17.4&#8243; _module_preset=&#8221;default&#8221; custom_padding=&#8221;55px|||||&#8221; global_colors_info=&#8221;{}&#8221;][\/et_pb_image][et_pb_text _builder_version=&#8221;4.17.4&#8243; _module_preset=&#8221;default&#8221; global_colors_info=&#8221;{}&#8221;][\/et_pb_text][\/et_pb_column][et_pb_column type=&#8221;3_5&#8243; _builder_version=&#8221;4.17.4&#8243; _module_preset=&#8221;default&#8221; global_colors_info=&#8221;{}&#8221;][et_pb_text _builder_version=&#8221;4.17.4&#8243; _module_preset=&#8221;default&#8221; global_colors_info=&#8221;{}&#8221;]<\/p>\n<h1>Super Alone<\/h1>\n<p>After a stint at the Museum of Modern Art with the improvisation class of the CRR de Paris directed by Eric Barret, Robin decided to continue exploring the possibilities of improvisation between painting and music. The long sound tracks invite wandering and sublimate the works of art then exhibited by Louis Mari Maudet. Improvisation is queen and the improviser is king. <\/p>\n<p>Recorded live in June 2018 at 59 Rivoli.<\/p>\n<p>[\/et_pb_text][et_pb_video src=&#8221;https:\/\/www.youtube.com\/watch?v=xe5z36EiRuc&#8221; image_src=&#8221;\/\/i.ytimg.com\/vi\/xe5z36EiRuc\/hqdefault.jpg&#8221; _builder_version=&#8221;4.17.4&#8243; _module_preset=&#8221;default&#8221; global_colors_info=&#8221;{}&#8221;][\/et_pb_video][\/et_pb_column][\/et_pb_row][et_pb_row _builder_version=&#8221;4.17.4&#8243; _module_preset=&#8221;default&#8221; global_colors_info=&#8221;{}&#8221;][et_pb_column type=&#8221;4_4&#8243; _builder_version=&#8221;4.17.4&#8243; _module_preset=&#8221;default&#8221; global_colors_info=&#8221;{}&#8221;][et_pb_button button_url=&#8221;https:\/\/robinnitrammusic.com\/en\/shop\/&#8221; button_text=&#8221;BUY&#8221; button_alignment=&#8221;center&#8221; _builder_version=&#8221;4.17.4&#8243; _module_preset=&#8221;default&#8221; custom_button=&#8221;on&#8221; button_text_color=&#8221;#242424&#8243; button_border_width=&#8221;5px&#8221; button_text_color_last_edited=&#8221;off|desktop&#8221; global_colors_info=&#8221;{}&#8221; button_text_color__hover_enabled=&#8221;on|hover&#8221; button_text_color__hover=&#8221;#FFFFFF&#8221; button_bg_color__hover_enabled=&#8221;on|desktop&#8221; button_bg_color__hover=&#8221;#242424&#8243; button_bg_enable_color__hover=&#8221;on&#8221; button_border_color__hover_enabled=&#8221;on|hover&#8221;][\/et_pb_button][\/et_pb_column][\/et_pb_row][\/et_pb_section]<\/p>\n","protected":false},"excerpt":{"rendered":"<p>Robin Nitram is a Paris-based music maker who paints soundscapes with jazz and avant-gardes flavors.SUGAR FREE Surrender to protect ourselves from the brutality of this world. Guitarist Robin Nitram creates a sonic environnement made of sounds and melodies showing the way toward the unknown. On Sugar Free, the quest is to lose yourself. Songs like [&hellip;]<\/p>\n","protected":false},"author":1,"featured_media":24734,"parent":0,"menu_order":0,"comment_status":"closed","ping_status":"closed","template":"","meta":{"nf_dc_page":"","_et_pb_use_builder":"on","_et_pb_old_content":"","_et_gb_content_width":"","footnotes":""},"class_list":["post-24768","page","type-page","status-publish","has-post-thumbnail","hentry"],"yoast_head":"<!-- This site is optimized with the Yoast SEO plugin v27.4 - https:\/\/yoast.com\/product\/yoast-seo-wordpress\/ -->\n<title>Music - Robin Nitram<\/title>\n<meta name=\"robots\" content=\"index, follow, max-snippet:-1, max-image-preview:large, max-video-preview:-1\" \/>\n<link rel=\"canonical\" href=\"https:\/\/robinnitrammusic.com\/en\/music\/\" \/>\n<meta property=\"og:locale\" content=\"en_US\" \/>\n<meta property=\"og:type\" content=\"article\" \/>\n<meta property=\"og:title\" content=\"Music - Robin Nitram\" \/>\n<meta property=\"og:description\" content=\"Robin Nitram is a Paris-based music maker who paints soundscapes with jazz and avant-gardes flavors.SUGAR FREE Surrender to protect ourselves from the brutality of this world. Guitarist Robin Nitram creates a sonic environnement made of sounds and melodies showing the way toward the unknown. On Sugar Free, the quest is to lose yourself. Songs like [&hellip;]\" \/>\n<meta property=\"og:url\" content=\"https:\/\/robinnitrammusic.com\/en\/music\/\" \/>\n<meta property=\"og:site_name\" content=\"Robin Nitram\" \/>\n<meta property=\"article:modified_time\" content=\"2023-05-06T08:00:39+00:00\" \/>\n<meta property=\"og:image\" content=\"https:\/\/i0.wp.com\/robinnitrammusic.com\/wp-content\/uploads\/2022\/06\/MottoTrio_ATG_3185.jpg?fit=1920%2C1280&ssl=1\" \/>\n\t<meta property=\"og:image:width\" content=\"1920\" \/>\n\t<meta property=\"og:image:height\" content=\"1280\" \/>\n\t<meta property=\"og:image:type\" content=\"image\/jpeg\" \/>\n<meta name=\"twitter:card\" content=\"summary_large_image\" \/>\n<meta name=\"twitter:label1\" content=\"Est. reading time\" \/>\n\t<meta name=\"twitter:data1\" content=\"8 minutes\" \/>\n<script type=\"application\/ld+json\" class=\"yoast-schema-graph\">{\"@context\":\"https:\\\/\\\/schema.org\",\"@graph\":[{\"@type\":\"WebPage\",\"@id\":\"https:\\\/\\\/robinnitrammusic.com\\\/en\\\/music\\\/\",\"url\":\"https:\\\/\\\/robinnitrammusic.com\\\/en\\\/music\\\/\",\"name\":\"Music - Robin Nitram\",\"isPartOf\":{\"@id\":\"https:\\\/\\\/robinnitrammusic.com\\\/en\\\/#website\"},\"primaryImageOfPage\":{\"@id\":\"https:\\\/\\\/robinnitrammusic.com\\\/en\\\/music\\\/#primaryimage\"},\"image\":{\"@id\":\"https:\\\/\\\/robinnitrammusic.com\\\/en\\\/music\\\/#primaryimage\"},\"thumbnailUrl\":\"https:\\\/\\\/i0.wp.com\\\/robinnitrammusic.com\\\/wp-content\\\/uploads\\\/2022\\\/06\\\/MottoTrio_ATG_3185.jpg?fit=1920%2C1280&ssl=1\",\"datePublished\":\"2022-06-02T14:33:15+00:00\",\"dateModified\":\"2023-05-06T08:00:39+00:00\",\"breadcrumb\":{\"@id\":\"https:\\\/\\\/robinnitrammusic.com\\\/en\\\/music\\\/#breadcrumb\"},\"inLanguage\":\"en-US\",\"potentialAction\":[{\"@type\":\"ReadAction\",\"target\":[\"https:\\\/\\\/robinnitrammusic.com\\\/en\\\/music\\\/\"]}]},{\"@type\":\"ImageObject\",\"inLanguage\":\"en-US\",\"@id\":\"https:\\\/\\\/robinnitrammusic.com\\\/en\\\/music\\\/#primaryimage\",\"url\":\"https:\\\/\\\/i0.wp.com\\\/robinnitrammusic.com\\\/wp-content\\\/uploads\\\/2022\\\/06\\\/MottoTrio_ATG_3185.jpg?fit=1920%2C1280&ssl=1\",\"contentUrl\":\"https:\\\/\\\/i0.wp.com\\\/robinnitrammusic.com\\\/wp-content\\\/uploads\\\/2022\\\/06\\\/MottoTrio_ATG_3185.jpg?fit=1920%2C1280&ssl=1\",\"width\":1920,\"height\":1280},{\"@type\":\"BreadcrumbList\",\"@id\":\"https:\\\/\\\/robinnitrammusic.com\\\/en\\\/music\\\/#breadcrumb\",\"itemListElement\":[{\"@type\":\"ListItem\",\"position\":1,\"name\":\"Home\",\"item\":\"https:\\\/\\\/robinnitrammusic.com\\\/en\\\/home\\\/\"},{\"@type\":\"ListItem\",\"position\":2,\"name\":\"Music\"}]},{\"@type\":\"WebSite\",\"@id\":\"https:\\\/\\\/robinnitrammusic.com\\\/en\\\/#website\",\"url\":\"https:\\\/\\\/robinnitrammusic.com\\\/en\\\/\",\"name\":\"Robin Nitram\",\"description\":\"Guitarist and composer\",\"potentialAction\":[{\"@type\":\"SearchAction\",\"target\":{\"@type\":\"EntryPoint\",\"urlTemplate\":\"https:\\\/\\\/robinnitrammusic.com\\\/en\\\/?s={search_term_string}\"},\"query-input\":{\"@type\":\"PropertyValueSpecification\",\"valueRequired\":true,\"valueName\":\"search_term_string\"}}],\"inLanguage\":\"en-US\"}]}<\/script>\n<!-- \/ Yoast SEO plugin. -->","yoast_head_json":{"title":"Music - Robin Nitram","robots":{"index":"index","follow":"follow","max-snippet":"max-snippet:-1","max-image-preview":"max-image-preview:large","max-video-preview":"max-video-preview:-1"},"canonical":"https:\/\/robinnitrammusic.com\/en\/music\/","og_locale":"en_US","og_type":"article","og_title":"Music - Robin Nitram","og_description":"Robin Nitram is a Paris-based music maker who paints soundscapes with jazz and avant-gardes flavors.SUGAR FREE Surrender to protect ourselves from the brutality of this world. Guitarist Robin Nitram creates a sonic environnement made of sounds and melodies showing the way toward the unknown. On Sugar Free, the quest is to lose yourself. Songs like [&hellip;]","og_url":"https:\/\/robinnitrammusic.com\/en\/music\/","og_site_name":"Robin Nitram","article_modified_time":"2023-05-06T08:00:39+00:00","og_image":[{"width":1920,"height":1280,"url":"https:\/\/i0.wp.com\/robinnitrammusic.com\/wp-content\/uploads\/2022\/06\/MottoTrio_ATG_3185.jpg?fit=1920%2C1280&ssl=1","type":"image\/jpeg"}],"twitter_card":"summary_large_image","twitter_misc":{"Est. reading time":"8 minutes"},"schema":{"@context":"https:\/\/schema.org","@graph":[{"@type":"WebPage","@id":"https:\/\/robinnitrammusic.com\/en\/music\/","url":"https:\/\/robinnitrammusic.com\/en\/music\/","name":"Music - Robin Nitram","isPartOf":{"@id":"https:\/\/robinnitrammusic.com\/en\/#website"},"primaryImageOfPage":{"@id":"https:\/\/robinnitrammusic.com\/en\/music\/#primaryimage"},"image":{"@id":"https:\/\/robinnitrammusic.com\/en\/music\/#primaryimage"},"thumbnailUrl":"https:\/\/i0.wp.com\/robinnitrammusic.com\/wp-content\/uploads\/2022\/06\/MottoTrio_ATG_3185.jpg?fit=1920%2C1280&ssl=1","datePublished":"2022-06-02T14:33:15+00:00","dateModified":"2023-05-06T08:00:39+00:00","breadcrumb":{"@id":"https:\/\/robinnitrammusic.com\/en\/music\/#breadcrumb"},"inLanguage":"en-US","potentialAction":[{"@type":"ReadAction","target":["https:\/\/robinnitrammusic.com\/en\/music\/"]}]},{"@type":"ImageObject","inLanguage":"en-US","@id":"https:\/\/robinnitrammusic.com\/en\/music\/#primaryimage","url":"https:\/\/i0.wp.com\/robinnitrammusic.com\/wp-content\/uploads\/2022\/06\/MottoTrio_ATG_3185.jpg?fit=1920%2C1280&ssl=1","contentUrl":"https:\/\/i0.wp.com\/robinnitrammusic.com\/wp-content\/uploads\/2022\/06\/MottoTrio_ATG_3185.jpg?fit=1920%2C1280&ssl=1","width":1920,"height":1280},{"@type":"BreadcrumbList","@id":"https:\/\/robinnitrammusic.com\/en\/music\/#breadcrumb","itemListElement":[{"@type":"ListItem","position":1,"name":"Home","item":"https:\/\/robinnitrammusic.com\/en\/home\/"},{"@type":"ListItem","position":2,"name":"Music"}]},{"@type":"WebSite","@id":"https:\/\/robinnitrammusic.com\/en\/#website","url":"https:\/\/robinnitrammusic.com\/en\/","name":"Robin Nitram","description":"Guitarist and composer","potentialAction":[{"@type":"SearchAction","target":{"@type":"EntryPoint","urlTemplate":"https:\/\/robinnitrammusic.com\/en\/?s={search_term_string}"},"query-input":{"@type":"PropertyValueSpecification","valueRequired":true,"valueName":"search_term_string"}}],"inLanguage":"en-US"}]}},"jetpack_sharing_enabled":true,"_links":{"self":[{"href":"https:\/\/robinnitrammusic.com\/en\/wp-json\/wp\/v2\/pages\/24768","targetHints":{"allow":["GET"]}}],"collection":[{"href":"https:\/\/robinnitrammusic.com\/en\/wp-json\/wp\/v2\/pages"}],"about":[{"href":"https:\/\/robinnitrammusic.com\/en\/wp-json\/wp\/v2\/types\/page"}],"author":[{"embeddable":true,"href":"https:\/\/robinnitrammusic.com\/en\/wp-json\/wp\/v2\/users\/1"}],"replies":[{"embeddable":true,"href":"https:\/\/robinnitrammusic.com\/en\/wp-json\/wp\/v2\/comments?post=24768"}],"version-history":[{"count":5,"href":"https:\/\/robinnitrammusic.com\/en\/wp-json\/wp\/v2\/pages\/24768\/revisions"}],"predecessor-version":[{"id":24884,"href":"https:\/\/robinnitrammusic.com\/en\/wp-json\/wp\/v2\/pages\/24768\/revisions\/24884"}],"wp:featuredmedia":[{"embeddable":true,"href":"https:\/\/robinnitrammusic.com\/en\/wp-json\/wp\/v2\/media\/24734"}],"wp:attachment":[{"href":"https:\/\/robinnitrammusic.com\/en\/wp-json\/wp\/v2\/media?parent=24768"}],"curies":[{"name":"wp","href":"https:\/\/api.w.org\/{rel}","templated":true}]}}